{"id":457,"date":"2022-05-05T10:10:00","date_gmt":"2022-05-05T08:10:00","guid":{"rendered":"http:\/\/client.sevciktomas.cz\/hotelbudweis\/kontakt\/"},"modified":"2025-07-09T14:12:01","modified_gmt":"2025-07-09T12:12:01","slug":"kontakt","status":"publish","type":"page","link":"https:\/\/www.hotelbudweis.cz\/en\/kontakt\/","title":{"rendered":"CONTACT"},"content":{"rendered":"<p>[vc_row][vc_column]<div class=\"mkdf-iwt clearfix  mkdf-iwt-icon-top mkdf-iwt-icon-medium mkdf-iwt-has-separator\">\n\t<div class=\"mkdf-iwt-icon\">\n\t\t\t\t\t\t\t\t\t    <span class=\"mkdf-icon-shortcode mkdf-normal   mkdf-icon-medium\"  >\n                    <i class=\"mkdf-icon-font-awesome fa fa-clock-o mkdf-icon-element\" style=\"\" ><\/i>            <\/span>\n\t\t\t\t\t\t<\/div>\n\t<div class=\"mkdf-iwt-content\" >\n\t\t\t\t\t<h5 class=\"mkdf-iwt-title\" >\n\t\t\t\t\t\t\t\t<span class=\"mkdf-iwt-title-text\">Opening hours<\/span>\n\t\t\t\t\t\t\t\t\t\t\t<\/h5>\n\t\t\t\t\t\t\t<div class=\"mkdf-iwt-separator\" ><\/div>\n\t\t\t\t\t\t\t<\/div>\n<\/div>[\/vc_column][\/vc_row][vc_row content_placement=&#8221;middle&#8221;][vc_column width=&#8221;1\/3&#8243;][vc_custom_heading text=&#8221;Caf\u00e9&#8221; font_container=&#8221;tag:h4|text_align:center|color:%23c49f68&#8243; use_theme_fonts=&#8221;yes&#8221; css_animation=&#8221;top-to-bottom&#8221;][vc_column_text]<\/p>\n<p style=\"text-align: center;\"><span style=\"font-weight: 400;\">Monday &#8211; Saturday <strong>7:00 &#8211; 22:00<\/strong><\/span><\/p>\n<p style=\"text-align: center;\"><span style=\"font-weight: 400;\">Sunday <strong>7:00 &#8211; 15:00<\/strong><\/span><\/p>\n<p>[\/vc_column_text][\/vc_column][vc_column width=&#8221;1\/3&#8243;][vc_custom_heading text=&#8221;Restauration&#8221; font_container=&#8221;tag:h4|text_align:center|color:%23c49f68&#8243; use_theme_fonts=&#8221;yes&#8221; css_animation=&#8221;top-to-bottom&#8221;][vc_column_text]<\/p>\n<p style=\"text-align: center;\"><span style=\"font-weight: 400;\">Monday &#8211; Saturday<strong>\u00a011:00 &#8211; 22:00<\/strong> <em>(kitchen until 21:00)<\/em><\/span><\/p>\n<p style=\"text-align: center;\"><span style=\"font-weight: 400;\">Sunday <strong>11:00 &#8211; 15:00<\/strong> <em>(kitchen until 14:00)<\/em><\/span><\/p>\n<p>[\/vc_column_text][\/vc_column][vc_column width=&#8221;1\/3&#8243;][vc_custom_heading text=&#8221;Hotel&#8221; font_container=&#8221;tag:h4|text_align:center|color:%23c49f68&#8243; use_theme_fonts=&#8221;yes&#8221; css_animation=&#8221;top-to-bottom&#8221;][vc_column_text]<\/p>\n<p style=\"text-align: center;\"><span style=\"font-weight: 400;\">Reception <strong>nonstop<\/strong><\/span><\/p>\n<p style=\"text-align: center;\"><span style=\"font-weight: 400;\">check-in: <strong>od 14:00<\/strong><\/span><\/p>\n<p style=\"text-align: center;\"><span style=\"font-weight: 400;\">check-out: <strong>do 11:00<\/strong><\/span><\/p>\n<p>[\/vc_column_text][\/vc_column][\/vc_row][vc_row][vc_column][vc_empty_space height=&#8221;50&#8243;][\/vc_column][\/vc_row][vc_row full_width=&#8221;stretch_row&#8221; css=&#8221;.vc_custom_1651827834479{background-color: #ddd5d1 !important;}&#8221;][vc_column]<div class=\"mkdf-iwt clearfix  mkdf-iwt-icon-top mkdf-iwt-icon-medium mkdf-iwt-has-separator\">\n\t<div class=\"mkdf-iwt-icon\">\n\t\t\t\t\t\t\t\t\t    <span class=\"mkdf-icon-shortcode mkdf-normal   mkdf-icon-medium\"  data-color=\"#c49f68\">\n                    <i class=\"mkdf-icon-font-awesome fa fa-location-arrow mkdf-icon-element\" style=\"color: #c49f68\" ><\/i>            <\/span>\n\t\t\t\t\t\t<\/div>\n\t<div class=\"mkdf-iwt-content\" >\n\t\t\t\t\t<h5 class=\"mkdf-iwt-title\" style=\"color: #c49f68\">\n\t\t\t\t\t\t\t\t<span class=\"mkdf-iwt-title-text\">Adress of the Hotel Budweis * * * *<\/span>\n\t\t\t\t\t\t\t\t\t\t\t<\/h5>\n\t\t\t\t\t\t\t<div class=\"mkdf-iwt-separator\" style=\"background-color: #c49f68\"><\/div>\n\t\t\t\t\t\t\t<\/div>\n<\/div>[vc_column_text]<\/p>\n<p style=\"text-align: center;\"><strong>Ml\u00fdnsk\u00e1 6<\/strong><\/p>\n<p style=\"text-align: center;\"><strong>370 01 \u010cesk\u00e9 Bud\u011bjovice<\/strong><\/p>\n<p style=\"text-align: center;\"><span style=\"font-weight: 400;\">Czech Republic<\/span><\/p>\n<p style=\"text-align: center;\"><span style=\"font-weight: 400;\">GPS: 48\u00b058&#8217;36.39&#8243;N, 14\u00b028&#8217;16.499&#8243;E<\/span><\/p>\n<p>[\/vc_column_text][vc_empty_space height=&#8221;50&#8243;][\/vc_column][\/vc_row][vc_row][vc_column][vc_empty_space height=&#8221;50&#8243;]<div class=\"mkdf-iwt clearfix  mkdf-iwt-icon-top mkdf-iwt-icon-medium mkdf-iwt-has-separator\">\n\t<div class=\"mkdf-iwt-icon\">\n\t\t\t\t\t\t\t\t\t    <span class=\"mkdf-icon-shortcode mkdf-normal   mkdf-icon-medium\"  >\n                    <i class=\"mkdf-icon-font-awesome fa fa-address-card mkdf-icon-element\" style=\"\" ><\/i>            <\/span>\n\t\t\t\t\t\t<\/div>\n\t<div class=\"mkdf-iwt-content\" >\n\t\t\t\t\t<h5 class=\"mkdf-iwt-title\" >\n\t\t\t\t\t\t\t\t<span class=\"mkdf-iwt-title-text\">Contact<\/span>\n\t\t\t\t\t\t\t\t\t\t\t<\/h5>\n\t\t\t\t\t\t\t<div class=\"mkdf-iwt-separator\" ><\/div>\n\t\t\t\t\t\t\t<\/div>\n<\/div>[vc_column_text]<\/p>\n<p style=\"text-align: center;\">Tel.: <a style=\"color: #999;\" href=\"tel:+420389822111\">+420 389 822 111<\/a><\/p>\n<p style=\"text-align: center;\"><a style=\"color: #999;\" href=\"mailto:info@hotelbudweis.cz\">info@hotelbudweis.cz<\/a><\/p>\n<p style=\"text-align: center;\">www.hotelbudweis.cz<\/p>\n<p>[\/vc_column_text][vc_empty_space height=&#8221;50&#8243;][\/vc_column][\/vc_row][vc_row full_width=&#8221;stretch_row&#8221; content_placement=&#8221;middle&#8221;][vc_column width=&#8221;1\/3&#8243;][vc_custom_heading text=&#8221;Sales manager (accommodation)&#8221; font_container=&#8221;tag:h4|text_align:center|color:%23c49f68&#8243; use_theme_fonts=&#8221;yes&#8221; css_animation=&#8221;top-to-bottom&#8221;][vc_column_text]<\/p>\n<p style=\"text-align: center;\"><span style=\"font-weight: 400;\">Adriana Valuchov\u00e1<\/span><\/p>\n<p style=\"text-align: center;\"><span style=\"font-weight: 400;\">Email: <a style=\"color: #999;\" href=\"mailto:adriana.valuchova@hotelbudweis.cz\">adriana.valuchova@hotelbudweis.cz<\/a><\/span><\/p>\n<p style=\"text-align: center;\"><span style=\"font-weight: 400;\">Tel.: <a style=\"color: #999;\" href=\"tel:+420725150114\">+420 725 150 114<\/a> <span style=\"font-size: 10pt;\"><em>(call MO-FR 9AM-5PM)<\/em><\/span><\/span><\/p>\n<p>[\/vc_column_text][\/vc_column][vc_column width=&#8221;1\/3&#8243;][vc_custom_heading text=&#8221;Restaurant&#8221; font_container=&#8221;tag:h4|text_align:center|color:%23c49f68&#8243; use_theme_fonts=&#8221;yes&#8221; css_animation=&#8221;top-to-bottom&#8221;][vc_column_text]<\/p>\n<p>&nbsp;<\/p>\n<p style=\"text-align: center;\"><span style=\"font-weight: 400;\">Email: <a style=\"color: #999;\" href=\"mailto:fb@hotelbudweis.cz\">fb@hotelbudweis.cz<\/a><\/span><\/p>\n<p style=\"text-align: center;\"><span style=\"font-weight: 400;\">Tel.: <a style=\"color: #999;\" href=\"tel:+420725150115\">+420 725 150 115<\/a><\/span><\/p>\n<p>[\/vc_column_text][\/vc_column][vc_column width=&#8221;1\/3&#8243;][vc_custom_heading text=&#8221;F&amp;B manager (restaurant)&#8221; font_container=&#8221;tag:h4|text_align:center|color:%23c49f68&#8243; use_theme_fonts=&#8221;yes&#8221; css_animation=&#8221;top-to-bottom&#8221;][vc_column_text]<\/p>\n<p style=\"text-align: center;\">Bc. Alena Jan\u010fourkov\u00e1<\/p>\n<p style=\"text-align: center;\"><span style=\"font-weight: 400;\">Email: <a style=\"color: #999;\" href=\"mailto:fb@hotelbudweis.cz\">fb@hotelbudweis.cz<\/a><\/span><\/p>\n<p style=\"text-align: center;\"><span style=\"font-weight: 400;\">Tel.: <a style=\"color: #999;\" href=\"tel:+420602695695\">+420 602 695 695<\/a><\/span><\/p>\n<p>[\/vc_column_text][\/vc_column][\/vc_row][vc_row][vc_column][vc_empty_space height=&#8221;80&#8243;][\/vc_column][\/vc_row][vc_row full_width=&#8221;stretch_row_content&#8221;][vc_column][vc_gmaps link=&#8221;#E-8_JTNDaWZyYW1lJTIwc3JjJTNEJTIyaHR0cHMlM0ElMkYlMkZ3d3cuZ29vZ2xlLmNvbSUyRm1hcHMlMkZlbWJlZCUzRnBiJTNEJTIxMW0xOCUyMTFtMTIlMjExbTMlMjExZDI2MTguNzc1NDM3NzQwNjA2MyUyMTJkMTQuNDY5MDg5NTE2MzgzNjUlMjEzZDQ4Ljk3Njc5ODk3OTI5OTM3JTIxMm0zJTIxMWYwJTIxMmYwJTIxM2YwJTIxM20yJTIxMWkxMDI0JTIxMmk3NjglMjE0ZjEzLjElMjEzbTMlMjExbTIlMjExczB4NDc3MzRmZDFlNzlhZjNlZiUyNTNBMHgyNDlkYmVjZGRhYmFhNGNjJTIxMnNIb3RlbCUyNTIwQnVkd2VpcyUyMTVlMCUyMTNtMiUyMTFzY3MlMjEyc2N6JTIxNHYxNjUyNDI0MTEyMDEyJTIxNW0yJTIxMXNjcyUyMTJzY3olMjIlMjB3aWR0aCUzRCUyMjYwMCUyMiUyMGhlaWdodCUzRCUyMjQ1MCUyMiUyMHN0eWxlJTNEJTIyYm9yZGVyJTNBMCUzQiUyMiUyMGFsbG93ZnVsbHNjcmVlbiUzRCUyMiUyMiUyMGxvYWRpbmclM0QlMjJsYXp5JTIyJTIwcmVmZXJyZXJwb2xpY3klM0QlMjJuby1yZWZlcnJlci13aGVuLWRvd25ncmFkZSUyMiUzRSUzQyUyRmlmcmFtZSUzRQ==&#8221;][\/vc_column][\/vc_row]<\/p>\n","protected":false},"excerpt":{"rendered":"<p>[vc_row][vc_column][\/vc_column][\/vc_row][vc_row content_placement=&#8221;middle&#8221;][vc_column width=&#8221;1\/3&#8243;][vc_custom_heading text=&#8221;Caf\u00e9&#8221; font_container=&#8221;tag:h4|text_align:center|color:%23c49f68&#8243; use_theme_fonts=&#8221;yes&#8221; css_animation=&#8221;top-to-bottom&#8221;][vc_column_text] Monday &#8211; Saturday 7:00 &#8211; 22:00 Sunday 7:00 &#8211; 15:00 [\/vc_column_text][\/vc_column][vc_column width=&#8221;1\/3&#8243;][vc_custom_heading text=&#8221;Restauration&#8221; font_container=&#8221;tag:h4|text_align:center|color:%23c49f68&#8243; use_theme_fonts=&#8221;yes&#8221; css_animation=&#8221;top-to-bottom&#8221;][vc_column_text] Monday &#8211; Saturday\u00a011:00 &#8211; 22:00 (kitchen until 21:00) Sunday 11:00 &#8211; 15:00 (kitchen until 14:00) [\/vc_column_text][\/vc_column][vc_column width=&#8221;1\/3&#8243;][vc_custom_heading [&hellip;]<\/p>\n","protected":false},"author":1,"featured_media":0,"parent":0,"menu_order":0,"comment_status":"closed","ping_status":"closed","template":"","meta":[],"_links":{"self":[{"href":"https:\/\/www.hotelbudweis.cz\/en\/wp-json\/wp\/v2\/pages\/457"}],"collection":[{"href":"https:\/\/www.hotelbudweis.cz\/en\/wp-json\/wp\/v2\/pages"}],"about":[{"href":"https:\/\/www.hotelbudweis.cz\/en\/wp-json\/wp\/v2\/types\/page"}],"author":[{"embeddable":true,"href":"https:\/\/www.hotelbudweis.cz\/en\/wp-json\/wp\/v2\/users\/1"}],"replies":[{"embeddable":true,"href":"https:\/\/www.hotelbudweis.cz\/en\/wp-json\/wp\/v2\/comments?post=457"}],"version-history":[{"count":19,"href":"https:\/\/www.hotelbudweis.cz\/en\/wp-json\/wp\/v2\/pages\/457\/revisions"}],"predecessor-version":[{"id":1196,"href":"https:\/\/www.hotelbudweis.cz\/en\/wp-json\/wp\/v2\/pages\/457\/revisions\/1196"}],"wp:attachment":[{"href":"https:\/\/www.hotelbudweis.cz\/en\/wp-json\/wp\/v2\/media?parent=457"}],"curies":[{"name":"wp","href":"https:\/\/api.w.org\/{rel}","templated":true}]}}