{"id":455,"date":"2022-05-06T08:42:05","date_gmt":"2022-05-06T06:42:05","guid":{"rendered":"http:\/\/client.sevciktomas.cz\/hotelbudweis\/rezeravce\/"},"modified":"2023-01-19T11:12:43","modified_gmt":"2023-01-19T10:12:43","slug":"rezeravce","status":"publish","type":"page","link":"https:\/\/www.hotelbudweis.cz\/en\/rezeravce\/","title":{"rendered":"Booking"},"content":{"rendered":"<p>[vc_row][vc_column css_animation=&#8221;fadeInLeft&#8221; width=&#8221;1\/2&#8243; css=&#8221;.vc_custom_1651829999764{border-radius: 1px !important;}&#8221;]\n<div class=\"wpcf7 no-js\" id=\"wpcf7-f508-o1\" lang=\"cs-CZ\" dir=\"ltr\">\n<div class=\"screen-reader-response\"><p role=\"status\" aria-live=\"polite\" aria-atomic=\"true\"><\/p> <ul><\/ul><\/div>\n<form action=\"\/en\/wp-json\/wp\/v2\/pages\/455#wpcf7-f508-o1\" method=\"post\" class=\"wpcf7-form init\" aria-label=\"Kontaktn\u00ed formul\u00e1\u0159\" novalidate=\"novalidate\" data-status=\"init\">\n<div style=\"display: none;\">\n<input type=\"hidden\" name=\"_wpcf7\" value=\"508\" \/>\n<input type=\"hidden\" name=\"_wpcf7_version\" value=\"5.7.4\" \/>\n<input type=\"hidden\" name=\"_wpcf7_locale\" value=\"cs_CZ\" \/>\n<input type=\"hidden\" name=\"_wpcf7_unit_tag\" value=\"wpcf7-f508-o1\" \/>\n<input type=\"hidden\" name=\"_wpcf7_container_post\" value=\"0\" \/>\n<input type=\"hidden\" name=\"_wpcf7_posted_data_hash\" value=\"\" \/>\n<input type=\"hidden\" name=\"_wpcf7_recaptcha_response\" value=\"\" \/>\n<\/div>\n<h3>Arrival and departure date\n<\/h3>\n<div class=\"half\">\n\t<p><label> Arrival<br \/>\n<span class=\"wpcf7-form-control-wrap\" data-name=\"prijezd\"><input class=\"wpcf7-form-control wpcf7-date wpcf7-validates-as-required wpcf7-validates-as-date\" aria-required=\"true\" aria-invalid=\"false\" value=\"\" type=\"date\" name=\"prijezd\" \/><\/span><\/label>\n\t<\/p>\n<\/div>\n<div class=\"half\">\n\t<p><label> Departure<br \/>\n<span class=\"wpcf7-form-control-wrap\" data-name=\"odjezd\"><input class=\"wpcf7-form-control wpcf7-date wpcf7-validates-as-required wpcf7-validates-as-date\" aria-required=\"true\" aria-invalid=\"false\" value=\"\" type=\"date\" name=\"odjezd\" \/><\/span><\/label>\n\t<\/p>\n<\/div>\n<h3>What rooms do you want to book?\n<\/h3>\n<p><label> Single room<br \/>\n<span class=\"wpcf7-form-control-wrap\" data-name=\"jednoluzkovy\"><select class=\"wpcf7-form-control wpcf7-select\" aria-invalid=\"false\" name=\"jednoluzkovy\"><option value=\"0\">0<\/option><option value=\"1\">1<\/option><option value=\"2\">2<\/option><option value=\"3\">3<\/option><option value=\"4\">4<\/option><option value=\"5\">5<\/option><\/select><\/span><\/label>\n<\/p>\n<p><label> Double room<br \/>\n<span class=\"wpcf7-form-control-wrap\" data-name=\"dvouluzkovy\"><select class=\"wpcf7-form-control wpcf7-select\" aria-invalid=\"false\" name=\"dvouluzkovy\"><option value=\"0\">0<\/option><option value=\"1\">1<\/option><option value=\"2\">2<\/option><option value=\"3\">3<\/option><option value=\"4\">4<\/option><option value=\"5\">5<\/option><\/select><\/span><\/label>\n<\/p>\n<p><label> Apartment<br \/>\n<span class=\"wpcf7-form-control-wrap\" data-name=\"apartman\"><select class=\"wpcf7-form-control wpcf7-select\" aria-invalid=\"false\" name=\"apartman\"><option value=\"0\">0<\/option><option value=\"1\">1<\/option><\/select><\/span><\/label>\n<\/p>\n<h3>Contact information\n<\/h3>\n<div class=\"half\">\n\t<p><label> Firstname<br \/>\n<span class=\"wpcf7-form-control-wrap\" data-name=\"jmeno\"><input size=\"40\" class=\"wpcf7-form-control wpcf7-text wpcf7-validates-as-required\" aria-required=\"true\" aria-invalid=\"false\" value=\"\" type=\"text\" name=\"jmeno\" \/><\/span> <\/label>\n\t<\/p>\n<\/div>\n<div class=\"half\">\n\t<p><label> Lastname<br \/>\n<span class=\"wpcf7-form-control-wrap\" data-name=\"prijmeni\"><input size=\"40\" class=\"wpcf7-form-control wpcf7-text wpcf7-validates-as-required\" aria-required=\"true\" aria-invalid=\"false\" value=\"\" type=\"text\" name=\"prijmeni\" \/><\/span> <\/label>\n\t<\/p>\n<\/div>\n<div class=\"half\">\n\t<p><label> Street<br \/>\n<span class=\"wpcf7-form-control-wrap\" data-name=\"ulice\"><input size=\"40\" class=\"wpcf7-form-control wpcf7-text wpcf7-validates-as-required\" aria-required=\"true\" aria-invalid=\"false\" value=\"\" type=\"text\" name=\"ulice\" \/><\/span> <\/label>\n\t<\/p>\n<\/div>\n<div class=\"half\">\n\t<p><label> City<br \/>\n<span class=\"wpcf7-form-control-wrap\" data-name=\"mesto\"><input size=\"40\" class=\"wpcf7-form-control wpcf7-text wpcf7-validates-as-required\" aria-required=\"true\" aria-invalid=\"false\" value=\"\" type=\"text\" name=\"mesto\" \/><\/span> <\/label>\n\t<\/p>\n<\/div>\n<div class=\"half\">\n\t<p><label> E-mail<br \/>\n<span class=\"wpcf7-form-control-wrap\" data-name=\"email\"><input size=\"40\" class=\"wpcf7-form-control wpcf7-text wpcf7-email wpcf7-validates-as-required wpcf7-validates-as-email\" aria-required=\"true\" aria-invalid=\"false\" value=\"\" type=\"email\" name=\"email\" \/><\/span> <\/label>\n\t<\/p>\n<\/div>\n<div class=\"half\">\n\t<p><label> Phone<br \/>\n<span class=\"wpcf7-form-control-wrap\" data-name=\"tel\"><input size=\"40\" class=\"wpcf7-form-control wpcf7-text wpcf7-validates-as-required\" aria-required=\"true\" aria-invalid=\"false\" value=\"\" type=\"text\" name=\"tel\" \/><\/span> <\/label>\n\t<\/p>\n<\/div>\n<p><label>Comment<br \/>\n<span class=\"wpcf7-form-control-wrap\" data-name=\"your-message\"><textarea cols=\"40\" rows=\"10\" class=\"wpcf7-form-control wpcf7-textarea\" aria-invalid=\"false\" name=\"your-message\"><\/textarea><\/span> <\/label>\n<\/p>\n<p><label><span class=\"wpcf7-form-control-wrap\" data-name=\"acceptance-855\"><span class=\"wpcf7-form-control wpcf7-acceptance\"><span class=\"wpcf7-list-item\"><label><input type=\"checkbox\" name=\"acceptance-855\" value=\"1\" aria-invalid=\"false\" \/><span class=\"wpcf7-list-item-label\">I accept the cancellation agreement<\/span><\/label><\/span><\/span><\/span><\/label>\n<\/p>\n<p><input class=\"wpcf7-form-control has-spinner wpcf7-submit\" type=\"submit\" value=\"Send\" \/>\n<\/p><div class=\"wpcf7-response-output\" aria-hidden=\"true\"><\/div>\n<\/form>\n<\/div>\n[\/vc_column][vc_column parallax=&#8221;content-moving&#8221; width=&#8221;1\/2&#8243;][vc_empty_space height=&#8221;50&#8243;][vc_empty_space height=&#8221;50&#8243;][vc_single_image image=&#8221;219&#8243; img_size=&#8221;large&#8221; style=&#8221;vc_box_shadow_3d&#8221; onclick=&#8221;zoom&#8221; css_animation=&#8221;fadeInRight&#8221;][vc_empty_space height=&#8221;50&#8243;][vc_column_text css_animation=&#8221;fadeInRight&#8221;]<\/p>\n<h3><b>Parking<\/b><\/h3>\n<p>The outdoor parking is right next to the hotel, it\u2019s possible to use the underground garages as well (the entrance height is 2,1 m). The capacity of the parking places is limited. When parking, please notify your car\u2019s numberplate at the reception desk.<\/p>\n<h3><b>Booking Guarantee<\/b><\/h3>\n<p>All reservations must be guaranteed with a valid credit card incl. credit card type, number and expiry date.<\/p>\n<p><b>This form is not an online reservation.\u00a0Confirmation of your reservation will be sent to your email address.<\/b><\/p>\n<p>If the hotel is unavailable for the requested dates, a notification will be sent to your email address.<\/p>\n<h3><b>Standard Cancellation Conditions<\/b><\/h3>\n<p>Cancellation deadline is 24 hours prior to arrival; in case of later cancellation the hotel will charge the price of the first night to the supplied credit card.<\/p>\n<p>Standard Cancellation Conditions do not apply to Advance Purchase Rate.<\/p>\n<p>Please note that once you check in, you cannot cancel nor receive credit for unused nights if you check out earlier then the date listed above; 100% penalty for unused nights applies.<\/p>\n<h3><b>Payment Conditons<\/b><\/h3>\n<p>Local laws require that the Hotel charge guests in the country&#8217;s local currency, the Czech koruna (CZK), even though rates are quoted and confirmed in EUR. Deposits are charged in CZK, and when guests check out, the hotel bill will also be in CZK, not EUR.<\/p>\n<p>Payment is due upon hotel departure unless stated otherwise.[\/vc_column_text][\/vc_column][\/vc_row][vc_row][vc_column][vc_empty_space height=&#8221;80&#8243;][\/vc_column][\/vc_row][vc_row full_width=&#8221;stretch_row_content&#8221; css=&#8221;.vc_custom_1651830749925{background-color: #f6f6f6 !important;}&#8221;][vc_column][vc_empty_space height=&#8221;50&#8243;][vc_custom_heading text=&#8221;Hotel Budweis * * * *&#8221; font_container=&#8221;tag:h3|text_align:center|color:%23c49f68&#8243; use_theme_fonts=&#8221;yes&#8221; css_animation=&#8221;fadeInUp&#8221;][\/vc_column][\/vc_row]<\/p>\n","protected":false},"excerpt":{"rendered":"<p>[vc_row][vc_column css_animation=&#8221;fadeInLeft&#8221; width=&#8221;1\/2&#8243; css=&#8221;.vc_custom_1651829999764{border-radius: 1px !important;}&#8221;][\/vc_column][vc_column parallax=&#8221;content-moving&#8221; width=&#8221;1\/2&#8243;][vc_empty_space height=&#8221;50&#8243;][vc_empty_space height=&#8221;50&#8243;][vc_single_image image=&#8221;219&#8243; img_size=&#8221;large&#8221; style=&#8221;vc_box_shadow_3d&#8221; onclick=&#8221;zoom&#8221; css_animation=&#8221;fadeInRight&#8221;][vc_empty_space height=&#8221;50&#8243;][vc_column_text css_animation=&#8221;fadeInRight&#8221;] Parking The outdoor parking is right next to the hotel, it\u2019s possible to use the underground garages as well (the entrance height is [&hellip;]<\/p>\n","protected":false},"author":1,"featured_media":0,"parent":0,"menu_order":0,"comment_status":"closed","ping_status":"closed","template":"","meta":[],"_links":{"self":[{"href":"https:\/\/www.hotelbudweis.cz\/en\/wp-json\/wp\/v2\/pages\/455"}],"collection":[{"href":"https:\/\/www.hotelbudweis.cz\/en\/wp-json\/wp\/v2\/pages"}],"about":[{"href":"https:\/\/www.hotelbudweis.cz\/en\/wp-json\/wp\/v2\/types\/page"}],"author":[{"embeddable":true,"href":"https:\/\/www.hotelbudweis.cz\/en\/wp-json\/wp\/v2\/users\/1"}],"replies":[{"embeddable":true,"href":"https:\/\/www.hotelbudweis.cz\/en\/wp-json\/wp\/v2\/comments?post=455"}],"version-history":[{"count":5,"href":"https:\/\/www.hotelbudweis.cz\/en\/wp-json\/wp\/v2\/pages\/455\/revisions"}],"predecessor-version":[{"id":918,"href":"https:\/\/www.hotelbudweis.cz\/en\/wp-json\/wp\/v2\/pages\/455\/revisions\/918"}],"wp:attachment":[{"href":"https:\/\/www.hotelbudweis.cz\/en\/wp-json\/wp\/v2\/media?parent=455"}],"curies":[{"name":"wp","href":"https:\/\/api.w.org\/{rel}","templated":true}]}}