{"id":460,"date":"2022-05-05T10:09:46","date_gmt":"2022-05-05T08:09:46","guid":{"rendered":"http:\/\/client.sevciktomas.cz\/hotelbudweis\/konference-oslavy\/"},"modified":"2024-01-09T16:56:36","modified_gmt":"2024-01-09T15:56:36","slug":"konference-oslavy","status":"publish","type":"page","link":"https:\/\/www.hotelbudweis.cz\/de\/konference-oslavy\/","title":{"rendered":"Konference, oslavy"},"content":{"rendered":"<p>[vc_row][vc_column][vc_empty_space height=&#8220;32&#8243;][\/vc_column][\/vc_row][vc_row][vc_column][vc_empty_space][\/vc_column][\/vc_row][vc_row][vc_column][vc_column_text]<\/p>\n<h4 style=\"text-align: center;\"><span style=\"font-weight: 400;\">Zaji\u0161\u0165ujeme <span style=\"color: #c49f68;\"><strong>konference<\/strong><\/span>, <span style=\"color: #c49f68;\"><strong>semin\u00e1\u0159e<\/strong><\/span>, <span style=\"color: #c49f68;\"><strong>spole\u010densk\u00e9 akce<\/strong><\/span>, <span style=\"color: #c49f68;\"><strong>svatebn\u00ed hostiny<\/strong><\/span>, abiturientsk\u00e1 setk\u00e1n\u00ed, pr\u016fvodcovsk\u00e9 slu\u017eby a dal\u0161\u00ed slu\u017eby dle p\u0159\u00e1n\u00ed z\u00e1kazn\u00edka.<\/span><\/h4>\n<p>[\/vc_column_text][\/vc_column][\/vc_row][vc_row][vc_column][vc_empty_space height=&#8220;111&#8243;][\/vc_column][\/vc_row][vc_row full_width=&#8220;stretch_row&#8220; content_placement=&#8220;top&#8220; parallax=&#8220;content-moving&#8220; parallax_speed_bg=&#8220;2&#8243; css=&#8220;.vc_custom_1651819407021{margin-top: 0px !important;margin-bottom: 0px !important;border-top-width: 0px !important;border-bottom-width: 0px !important;padding-top: 0px !important;padding-bottom: 0px !important;background-image: url(https:\/\/www.hotelbudweis.cz\/wp-content\/uploads\/2022\/05\/036-scaled.jpg?id=253) !important;}&#8220;][vc_column][vc_empty_space height=&#8220;400&#8243;][\/vc_column][\/vc_row][vc_row][vc_column][vc_empty_space height=&#8220;10&#8243;][\/vc_column][\/vc_row][vc_row][vc_column width=&#8220;2\/3&#8243;][vc_empty_space height=&#8220;50&#8243;][vc_separator color=&#8220;custom&#8220; accent_color=&#8220;#c49f68&#8243;][vc_empty_space height=&#8220;20&#8243;][vc_column_text]<\/p>\n<h4 style=\"text-align: left;\"><span style=\"font-weight: 400;\">Pro kon\u00e1n\u00ed soukrom\u00fdch a firemn\u00edch akc\u00ed je k dispozici <span style=\"color: #c49f68;\"><strong>restaurace<\/strong><\/span> (<span style=\"color: #c49f68;\">120 m\u00edst<\/span>) se salonkem. <span style=\"color: #c49f68;\"><strong>Salonek<\/strong><\/span> m\u00e1 kapacitu <span style=\"color: #c49f68;\">30 m\u00edst<\/span> a je vybaven velkoplo\u0161nou TV s mo\u017enost\u00ed propojen\u00ed s notebookem. V prvn\u00edm pat\u0159e hotelu se nach\u00e1z\u00ed <span style=\"color: #c49f68;\"><strong>konferen\u010dn\u00ed s\u00e1l<\/strong><\/span> s kapacitou <span style=\"color: #c49f68;\">100 m\u00edst<\/span>, kter\u00fd je vybaven prom\u00edtac\u00edm pl\u00e1tnem s dataprojektorem. Ve v\u0161ech prostor\u00e1ch hotelu je mo\u017enost p\u0159ipojen\u00ed k internetu.<\/span><\/h4>\n<p>[\/vc_column_text][\/vc_column][vc_column width=&#8220;1\/3&#8243;][vc_single_image image=&#8220;256&#8243; img_size=&#8220;full&#8220; alignment=&#8220;center&#8220; style=&#8220;vc_box_shadow_border_circle_2&#8243;][\/vc_column][\/vc_row][vc_row][vc_column][\/vc_column][\/vc_row][vc_row content_placement=&#8220;middle&#8220;][vc_column][vc_empty_space height=&#8220;50&#8243;][vc_text_separator title=&#8220;Maxim\u00e1ln\u00ed po\u010det osob dle stolov\u00e9ho uspo\u0159\u00e1d\u00e1n\u00ed&#8220; color=&#8220;custom&#8220; css_animation=&#8220;fadeInDown&#8220; accent_color=&#8220;#c49f68&#8243;][vc_empty_space height=&#8220;50&#8243;][vc_column_text]<\/p>\n<table style=\"border-color: #c49f68;\">\n<tbody>\n<tr>\n<th style=\"color: #c49f68;\" colspan=\"5\"><strong>Konferen\u010dn\u00ed s\u00e1l<\/strong><\/th>\n<\/tr>\n<tr>\n<th style=\"text-align: center;\"><strong>Rest. usp.<\/strong><\/th>\n<th style=\"text-align: center;\"><strong>Tabule I<\/strong><\/th>\n<th style=\"text-align: center;\"><strong>Tabule U<\/strong><\/th>\n<th style=\"text-align: center;\"><strong>Divadlo<\/strong><\/th>\n<th style=\"text-align: center;\"><strong>\u0160kola<\/strong><\/th>\n<\/tr>\n<tr>\n<td style=\"text-align: center;\">80<\/td>\n<td style=\"text-align: center;\">40<\/td>\n<td style=\"text-align: center;\">60<\/td>\n<td style=\"text-align: center;\">100<\/td>\n<td style=\"text-align: center;\">40<\/td>\n<\/tr>\n<\/tbody>\n<\/table>\n<p>[\/vc_column_text][vc_empty_space height=&#8220;50&#8243;][vc_column_text]<\/p>\n<table style=\"border-color: #c49f68;\">\n<tbody>\n<tr>\n<th style=\"color: #c49f68;\" colspan=\"5\"><strong>Salonek<\/strong><\/th>\n<\/tr>\n<tr>\n<th style=\"text-align: center;\"><strong>Rest. usp.<\/strong><\/th>\n<th style=\"text-align: center;\"><strong>Tabule I<\/strong><\/th>\n<th style=\"text-align: center;\"><strong>Tabule U<\/strong><\/th>\n<th style=\"text-align: center;\"><strong>Divadlo<\/strong><\/th>\n<th style=\"text-align: center;\"><strong>\u0160kola<\/strong><\/th>\n<\/tr>\n<tr>\n<td style=\"text-align: center;\">&#8211;<\/td>\n<td style=\"text-align: center;\">22<\/td>\n<td style=\"text-align: center;\">28<\/td>\n<td style=\"text-align: center;\">30<\/td>\n<td style=\"text-align: center;\">24<\/td>\n<\/tr>\n<\/tbody>\n<\/table>\n<p>[\/vc_column_text][vc_empty_space height=&#8220;50&#8243;][\/vc_column][\/vc_row][vc_row][vc_column][\/vc_column][\/vc_row][vc_row][vc_column][vc_empty_space height=&#8220;50&#8243;][\/vc_column][\/vc_row][vc_row full_width=&#8220;stretch_row_content&#8220; content_placement=&#8220;middle&#8220;][vc_column][vc_empty_space height=&#8220;80&#8243;][vc_gallery type=&#8220;image_grid&#8220; images=&#8220;633,619,613,610,607,601&#8243; img_size=&#8220;medium&#8220;][vc_empty_space height=&#8220;100&#8243;][vc_custom_heading text=&#8220;Cen\u00edk slu\u017eeb a pron\u00e1jm\u016f&#8220; font_container=&#8220;tag:h2|text_align:center|color:%23c49f68&#8243; use_theme_fonts=&#8220;yes&#8220; css_animation=&#8220;fadeInLeft&#8220;][\/vc_column][\/vc_row][vc_row content_placement=&#8220;middle&#8220;][vc_column]<div class=\"mkdf-pricing-tables clearfix  mkdf-two-columns mkdf-pt-normal-space\"><div class=\"mkdf-pt-wrapper\"><div class=\"mkdf-price-table \">\n\t<div class=\"mkdf-pt-inner\" >\n\t\t<ul>\n\t\t\t\t\t\t\t\t\t\t<li class=\"mkdf-pt-title-holder\">\n\t\t\t\t\t<h5 class=\"mkdf-pt-title\" >Konferen\u010dn\u00ed s\u00e1l<\/h5>\n\t\t\t\t<\/li>\n\t\t\t\t\t\t<li class=\"mkdf-pt-content\">\n\t\t\t\t1420 x 890 x 270 cm (126,5 m2)<\/p>\n<p>kapacita 100 osob\t\t\t<\/li>\n\t\t\t<li class=\"mkdf-pt-prices\">\n\t\t\t\t\t\t\t\t\t<sup class=\"mkdf-pt-value\" >K\u010d<\/sup>\n\t\t\t\t\t\t\t\t<span class=\"mkdf-pt-price\" >1.390,-<\/span>\n\t\t\t\t\t\t\t\t\t<h6 class=\"mkdf-pt-mark\" >1 hod. (i zapo\u010dat\u00e1)<\/h6>\n\t\t\t\t\t\t\t<\/li>\n\t\t\t\t\t<\/ul>\n\t<\/div>\n<\/div><div class=\"mkdf-price-table \">\n\t<div class=\"mkdf-pt-inner\" >\n\t\t<ul>\n\t\t\t\t\t\t\t\t\t\t<li class=\"mkdf-pt-title-holder\">\n\t\t\t\t\t<h5 class=\"mkdf-pt-title\" >Salonek<\/h5>\n\t\t\t\t<\/li>\n\t\t\t\t\t\t<li class=\"mkdf-pt-content\">\n\t\t\t\t890 x 480 x 285 cm (39 m2)<\/p>\n<p>kapacita 30 osob\t\t\t<\/li>\n\t\t\t<li class=\"mkdf-pt-prices\">\n\t\t\t\t\t\t\t\t\t<sup class=\"mkdf-pt-value\" >K\u010d<\/sup>\n\t\t\t\t\t\t\t\t<span class=\"mkdf-pt-price\" >950,-<\/span>\n\t\t\t\t\t\t\t\t\t<h6 class=\"mkdf-pt-mark\" >1 hod. (i zapo\u010dat\u00e1)<\/h6>\n\t\t\t\t\t\t\t<\/li>\n\t\t\t\t\t<\/ul>\n\t<\/div>\n<\/div><\/div><\/div>[vc_column_text]<\/p>\n<p style=\"text-align: center;\"><i><span style=\"font-weight: 400;\">\u010c\u00e1stky jsou uveden\u00e9 v\u010d. 21% DPH.<\/span><\/i><\/p>\n<p>[\/vc_column_text][vc_empty_space height=&#8220;80&#8243;][vc_custom_heading text=&#8220;Technick\u00e9 vybaven\u00ed&#8220; font_container=&#8220;tag:h3|text_align:center|color:%23c49f68&#8243; use_theme_fonts=&#8220;yes&#8220; css_animation=&#8220;fadeInRight&#8220;]<div class=\"mkdf-pricing-tables clearfix  mkdf-four-columns mkdf-pt-tiny-space\"><div class=\"mkdf-pt-wrapper\"><div class=\"mkdf-price-table \">\n\t<div class=\"mkdf-pt-inner\" >\n\t\t<ul>\n\t\t\t\t\t\t\t\t\t\t<li class=\"mkdf-pt-title-holder\">\n\t\t\t\t\t<h5 class=\"mkdf-pt-title\" >Pl\u00e1tno<\/h5>\n\t\t\t\t<\/li>\n\t\t\t\t\t\t<li class=\"mkdf-pt-content\">\n\t\t\t\t200\u00d7200 cm\t\t\t<\/li>\n\t\t\t<li class=\"mkdf-pt-prices\">\n\t\t\t\t\t\t\t\t\t<sup class=\"mkdf-pt-value\" >K\u010d<\/sup>\n\t\t\t\t\t\t\t\t<span class=\"mkdf-pt-price\" >250,-<\/span>\n\t\t\t\t\t\t\t\t\t<h6 class=\"mkdf-pt-mark\" >akce<\/h6>\n\t\t\t\t\t\t\t<\/li>\n\t\t\t\t\t<\/ul>\n\t<\/div>\n<\/div><div class=\"mkdf-price-table \">\n\t<div class=\"mkdf-pt-inner\" >\n\t\t<ul>\n\t\t\t\t\t\t\t\t\t\t<li class=\"mkdf-pt-title-holder\">\n\t\t\t\t\t<h5 class=\"mkdf-pt-title\" >Dataprojektor<\/h5>\n\t\t\t\t<\/li>\n\t\t\t\t\t\t<li class=\"mkdf-pt-content\">\n\t\t\t\t&#8211;\t\t\t<\/li>\n\t\t\t<li class=\"mkdf-pt-prices\">\n\t\t\t\t\t\t\t\t\t<sup class=\"mkdf-pt-value\" >K\u010d<\/sup>\n\t\t\t\t\t\t\t\t<span class=\"mkdf-pt-price\" >600,-<\/span>\n\t\t\t\t\t\t\t\t\t<h6 class=\"mkdf-pt-mark\" >akce<\/h6>\n\t\t\t\t\t\t\t<\/li>\n\t\t\t\t\t<\/ul>\n\t<\/div>\n<\/div><div class=\"mkdf-price-table \">\n\t<div class=\"mkdf-pt-inner\" >\n\t\t<ul>\n\t\t\t\t\t\t\t\t\t\t<li class=\"mkdf-pt-title-holder\">\n\t\t\t\t\t<h5 class=\"mkdf-pt-title\" >TV + DVD<\/h5>\n\t\t\t\t<\/li>\n\t\t\t\t\t\t<li class=\"mkdf-pt-content\">\n\t\t\t\tvideo\t\t\t<\/li>\n\t\t\t<li class=\"mkdf-pt-prices\">\n\t\t\t\t\t\t\t\t\t<sup class=\"mkdf-pt-value\" >K\u010d<\/sup>\n\t\t\t\t\t\t\t\t<span class=\"mkdf-pt-price\" >600,-<\/span>\n\t\t\t\t\t\t\t\t\t<h6 class=\"mkdf-pt-mark\" >akce<\/h6>\n\t\t\t\t\t\t\t<\/li>\n\t\t\t\t\t<\/ul>\n\t<\/div>\n<\/div><div class=\"mkdf-price-table \">\n\t<div class=\"mkdf-pt-inner\" >\n\t\t<ul>\n\t\t\t\t\t\t\t\t\t\t<li class=\"mkdf-pt-title-holder\">\n\t\t\t\t\t<h5 class=\"mkdf-pt-title\" >Notebook s DVD mechanikou<\/h5>\n\t\t\t\t<\/li>\n\t\t\t\t\t\t<li class=\"mkdf-pt-content\">\n\t\t\t\t\t\t\t<\/li>\n\t\t\t<li class=\"mkdf-pt-prices\">\n\t\t\t\t\t\t\t\t\t<sup class=\"mkdf-pt-value\" >K\u010d<\/sup>\n\t\t\t\t\t\t\t\t<span class=\"mkdf-pt-price\" >600,-<\/span>\n\t\t\t\t\t\t\t\t\t<h6 class=\"mkdf-pt-mark\" >akce<\/h6>\n\t\t\t\t\t\t\t<\/li>\n\t\t\t\t\t<\/ul>\n\t<\/div>\n<\/div><\/div><\/div><div class=\"mkdf-pricing-tables clearfix  mkdf-four-columns mkdf-pt-tiny-space\"><div class=\"mkdf-pt-wrapper\"><div class=\"mkdf-price-table \">\n\t<div class=\"mkdf-pt-inner\" >\n\t\t<ul>\n\t\t\t\t\t\t\t\t\t\t<li class=\"mkdf-pt-title-holder\">\n\t\t\t\t\t<h5 class=\"mkdf-pt-title\" >Mikrofon bezdr\u00e1tov\u00fd<\/h5>\n\t\t\t\t<\/li>\n\t\t\t\t\t\t<li class=\"mkdf-pt-content\">\n\t\t\t\t1 kus\t\t\t<\/li>\n\t\t\t<li class=\"mkdf-pt-prices\">\n\t\t\t\t\t\t\t\t\t<sup class=\"mkdf-pt-value\" >K\u010d<\/sup>\n\t\t\t\t\t\t\t\t<span class=\"mkdf-pt-price\" >250,-<\/span>\n\t\t\t\t\t\t\t\t\t<h6 class=\"mkdf-pt-mark\" >akce<\/h6>\n\t\t\t\t\t\t\t<\/li>\n\t\t\t\t\t<\/ul>\n\t<\/div>\n<\/div><div class=\"mkdf-price-table \">\n\t<div class=\"mkdf-pt-inner\" >\n\t\t<ul>\n\t\t\t\t\t\t\t\t\t\t<li class=\"mkdf-pt-title-holder\">\n\t\t\t\t\t<h5 class=\"mkdf-pt-title\" >Flipchart<\/h5>\n\t\t\t\t<\/li>\n\t\t\t\t\t\t<li class=\"mkdf-pt-content\">\n\t\t\t\t+ fixy\t\t\t<\/li>\n\t\t\t<li class=\"mkdf-pt-prices\">\n\t\t\t\t\t\t\t\t\t<sup class=\"mkdf-pt-value\" >K\u010d<\/sup>\n\t\t\t\t\t\t\t\t<span class=\"mkdf-pt-price\" >600,-<\/span>\n\t\t\t\t\t\t\t\t\t<h6 class=\"mkdf-pt-mark\" >akce<\/h6>\n\t\t\t\t\t\t\t<\/li>\n\t\t\t\t\t<\/ul>\n\t<\/div>\n<\/div><div class=\"mkdf-price-table \">\n\t<div class=\"mkdf-pt-inner\" >\n\t\t<ul>\n\t\t\t\t\t\t\t\t\t\t<li class=\"mkdf-pt-title-holder\">\n\t\t\t\t\t<h5 class=\"mkdf-pt-title\" >P\u0159ipojen\u00ed k internetu<\/h5>\n\t\t\t\t<\/li>\n\t\t\t\t\t\t<li class=\"mkdf-pt-content\">\n\t\t\t\t<span style=\"font-weight: 400;\">(10\/10 mbps bez agregace, Wifi)<\/span>\t\t\t<\/li>\n\t\t\t<li class=\"mkdf-pt-prices\">\n\t\t\t\t\t\t\t\t\t<sup class=\"mkdf-pt-value\" >\u2714<\/sup>\n\t\t\t\t\t\t\t\t<span class=\"mkdf-pt-price\" >zdarma<\/span>\n\t\t\t\t\t\t\t<\/li>\n\t\t\t\t\t<\/ul>\n\t<\/div>\n<\/div><\/div><\/div>[vc_column_text]<\/p>\n<p style=\"text-align: center;\"><i><span style=\"font-weight: 400;\">\u010c\u00e1stky jsou uveden\u00e9 v\u010d. 21% DPH.<\/span><\/i><\/p>\n<p>[\/vc_column_text][vc_empty_space height=&#8220;150&#8243;][\/vc_column][\/vc_row][vc_row][vc_column][vc_empty_space height=&#8220;100&#8243;][\/vc_column][\/vc_row][vc_row][vc_column][\/vc_column][\/vc_row]<\/p>\n","protected":false},"excerpt":{"rendered":"<p>[vc_row][vc_column][vc_empty_space height=&#8220;32&#8243;][\/vc_column][\/vc_row][vc_row][vc_column][vc_empty_space][\/vc_column][\/vc_row][vc_row][vc_column][vc_column_text] Zaji\u0161\u0165ujeme konference, semin\u00e1\u0159e, spole\u010densk\u00e9 akce, svatebn\u00ed hostiny, abiturientsk\u00e1 setk\u00e1n\u00ed, pr\u016fvodcovsk\u00e9 slu\u017eby a dal\u0161\u00ed slu\u017eby dle p\u0159\u00e1n\u00ed z\u00e1kazn\u00edka. [\/vc_column_text][\/vc_column][\/vc_row][vc_row][vc_column][vc_empty_space height=&#8220;111&#8243;][\/vc_column][\/vc_row][vc_row full_width=&#8220;stretch_row&#8220; content_placement=&#8220;top&#8220; parallax=&#8220;content-moving&#8220; parallax_speed_bg=&#8220;2&#8243; css=&#8220;.vc_custom_1651819407021{margin-top: 0px !important;margin-bottom: 0px !important;border-top-width: 0px !important;border-bottom-width: 0px !important;padding-top: 0px !important;padding-bottom: 0px !important;background-image: url(https:\/\/www.hotelbudweis.cz\/wp-content\/uploads\/2022\/05\/036-scaled.jpg?id=253) !important;}&#8220;][vc_column][vc_empty_space [&hellip;]<\/p>\n","protected":false},"author":1,"featured_media":0,"parent":0,"menu_order":0,"comment_status":"closed","ping_status":"closed","template":"","meta":[],"_links":{"self":[{"href":"https:\/\/www.hotelbudweis.cz\/de\/wp-json\/wp\/v2\/pages\/460"}],"collection":[{"href":"https:\/\/www.hotelbudweis.cz\/de\/wp-json\/wp\/v2\/pages"}],"about":[{"href":"https:\/\/www.hotelbudweis.cz\/de\/wp-json\/wp\/v2\/types\/page"}],"author":[{"embeddable":true,"href":"https:\/\/www.hotelbudweis.cz\/de\/wp-json\/wp\/v2\/users\/1"}],"replies":[{"embeddable":true,"href":"https:\/\/www.hotelbudweis.cz\/de\/wp-json\/wp\/v2\/comments?post=460"}],"version-history":[{"count":26,"href":"https:\/\/www.hotelbudweis.cz\/de\/wp-json\/wp\/v2\/pages\/460\/revisions"}],"predecessor-version":[{"id":1069,"href":"https:\/\/www.hotelbudweis.cz\/de\/wp-json\/wp\/v2\/pages\/460\/revisions\/1069"}],"wp:attachment":[{"href":"https:\/\/www.hotelbudweis.cz\/de\/wp-json\/wp\/v2\/media?parent=460"}],"curies":[{"name":"wp","href":"https:\/\/api.w.org\/{rel}","templated":true}]}}