{"id":458,"date":"2022-05-05T10:10:00","date_gmt":"2022-05-05T08:10:00","guid":{"rendered":"http:\/\/client.sevciktomas.cz\/hotelbudweis\/kontakt\/"},"modified":"2025-07-09T14:12:21","modified_gmt":"2025-07-09T12:12:21","slug":"kontakt","status":"publish","type":"page","link":"https:\/\/www.hotelbudweis.cz\/de\/kontakt\/","title":{"rendered":"Kontakt"},"content":{"rendered":"<p>[vc_row][vc_column]<div class=\"mkdf-iwt clearfix  mkdf-iwt-icon-top mkdf-iwt-icon-medium mkdf-iwt-has-separator\">\n\t<div class=\"mkdf-iwt-icon\">\n\t\t\t\t\t\t\t\t\t    <span class=\"mkdf-icon-shortcode mkdf-normal   mkdf-icon-medium\"  >\n                    <i class=\"mkdf-icon-font-awesome fa fa-clock-o mkdf-icon-element\" style=\"\" ><\/i>            <\/span>\n\t\t\t\t\t\t<\/div>\n\t<div class=\"mkdf-iwt-content\" >\n\t\t\t\t\t<h5 class=\"mkdf-iwt-title\" >\n\t\t\t\t\t\t\t\t<span class=\"mkdf-iwt-title-text\">\u00d6ffnungszeiten<\/span>\n\t\t\t\t\t\t\t\t\t\t\t<\/h5>\n\t\t\t\t\t\t\t<div class=\"mkdf-iwt-separator\" ><\/div>\n\t\t\t\t\t\t\t<\/div>\n<\/div>[\/vc_column][\/vc_row][vc_row content_placement=&#8220;middle&#8220;][vc_column width=&#8220;1\/3&#8243;][vc_custom_heading text=&#8220;Cafe&#8220; font_container=&#8220;tag:h4|text_align:center|color:%23c49f68&#8243; use_theme_fonts=&#8220;yes&#8220; css_animation=&#8220;top-to-bottom&#8220;][vc_column_text]<\/p>\n<p style=\"text-align: center;\"><span style=\"font-weight: 400;\">Montag &#8211; Samstag <strong>7:00 &#8211; 22:00<\/strong><\/span><\/p>\n<p style=\"text-align: center;\"><span style=\"font-weight: 400;\">Sonntag <strong>7:00 &#8211; 15:00<\/strong><\/span><\/p>\n<p>[\/vc_column_text][\/vc_column][vc_column width=&#8220;1\/3&#8243;][vc_custom_heading text=&#8220;Restaurant&#8220; font_container=&#8220;tag:h4|text_align:center|color:%23c49f68&#8243; use_theme_fonts=&#8220;yes&#8220; css_animation=&#8220;top-to-bottom&#8220;][vc_column_text]<\/p>\n<p style=\"text-align: center;\"><span style=\"font-weight: 400;\">Montag &#8211; Samstag <strong>11:00 &#8211; 22:00<\/strong> <em>(Wir kochen bis 21:00)<\/em><\/span><\/p>\n<p style=\"text-align: center;\"><span style=\"font-weight: 400;\">Sonntag <strong>11:00 &#8211; 15:00<\/strong> <em>(Wir kochen bis 14:00)<\/em><\/span><\/p>\n<p>[\/vc_column_text][\/vc_column][vc_column width=&#8220;1\/3&#8243;][vc_custom_heading text=&#8220;Hotel&#8220; font_container=&#8220;tag:h4|text_align:center|color:%23c49f68&#8243; use_theme_fonts=&#8220;yes&#8220; css_animation=&#8220;top-to-bottom&#8220;][vc_column_text]<\/p>\n<p style=\"text-align: center;\"><span style=\"font-weight: 400;\">Rezeption <strong>nonstop<\/strong><\/span><\/p>\n<p style=\"text-align: center;\"><span style=\"font-weight: 400;\">check-in: <strong>od 14:00<\/strong><\/span><\/p>\n<p style=\"text-align: center;\"><span style=\"font-weight: 400;\">check-out: <strong>do 11:00<\/strong><\/span><\/p>\n<p>[\/vc_column_text][\/vc_column][\/vc_row][vc_row][vc_column][vc_empty_space height=&#8220;50&#8243;][\/vc_column][\/vc_row][vc_row full_width=&#8220;stretch_row&#8220; css=&#8220;.vc_custom_1651827834479{background-color: #ddd5d1 !important;}&#8220;][vc_column]<div class=\"mkdf-iwt clearfix  mkdf-iwt-icon-top mkdf-iwt-icon-medium mkdf-iwt-has-separator\">\n\t<div class=\"mkdf-iwt-icon\">\n\t\t\t\t\t\t\t\t\t    <span class=\"mkdf-icon-shortcode mkdf-normal   mkdf-icon-medium\"  data-color=\"#c49f68\">\n                    <i class=\"mkdf-icon-font-awesome fa fa-location-arrow mkdf-icon-element\" style=\"color: #c49f68\" ><\/i>            <\/span>\n\t\t\t\t\t\t<\/div>\n\t<div class=\"mkdf-iwt-content\" >\n\t\t\t\t\t<h5 class=\"mkdf-iwt-title\" style=\"color: #c49f68\">\n\t\t\t\t\t\t\t\t<span class=\"mkdf-iwt-title-text\">Hoteladresse<\/span>\n\t\t\t\t\t\t\t\t\t\t\t<\/h5>\n\t\t\t\t\t\t\t<div class=\"mkdf-iwt-separator\" style=\"background-color: #c49f68\"><\/div>\n\t\t\t\t\t\t\t<\/div>\n<\/div>[vc_column_text]<\/p>\n<p style=\"text-align: center;\"><strong>Ml\u00fdnsk\u00e1 6<\/strong><\/p>\n<p style=\"text-align: center;\"><strong>370 01 \u010cesk\u00e9 Bud\u011bjovice<\/strong><\/p>\n<p style=\"text-align: center;\">Tschechische Republik<\/p>\n<p style=\"text-align: center;\"><span style=\"font-weight: 400;\">GPS: 48\u00b058&#8217;36.39&#8243;N, 14\u00b028&#8217;16.499&#8243;E<\/span><\/p>\n<p>[\/vc_column_text][vc_empty_space height=&#8220;50&#8243;][\/vc_column][\/vc_row][vc_row][vc_column][vc_empty_space height=&#8220;50&#8243;]<div class=\"mkdf-iwt clearfix  mkdf-iwt-icon-top mkdf-iwt-icon-medium mkdf-iwt-has-separator\">\n\t<div class=\"mkdf-iwt-icon\">\n\t\t\t\t\t\t\t\t\t    <span class=\"mkdf-icon-shortcode mkdf-normal   mkdf-icon-medium\"  >\n                    <i class=\"mkdf-icon-font-awesome fa fa-address-card mkdf-icon-element\" style=\"\" ><\/i>            <\/span>\n\t\t\t\t\t\t<\/div>\n\t<div class=\"mkdf-iwt-content\" >\n\t\t\t\t\t<h5 class=\"mkdf-iwt-title\" >\n\t\t\t\t\t\t\t\t<span class=\"mkdf-iwt-title-text\">KONTAKT<\/span>\n\t\t\t\t\t\t\t\t\t\t\t<\/h5>\n\t\t\t\t\t\t\t<div class=\"mkdf-iwt-separator\" ><\/div>\n\t\t\t\t\t\t\t<\/div>\n<\/div>[vc_column_text]<\/p>\n<p style=\"text-align: center;\">Tel.: <a style=\"color: #999;\" href=\"tel:+420389822111\">+420 389 822 111<\/a><\/p>\n<p style=\"text-align: center;\"><a style=\"color: #999;\" href=\"mailto:info@hotelbudweis.cz\">info@hotelbudweis.cz<\/a><\/p>\n<p style=\"text-align: center;\">www.hotelbudweis.cz<\/p>\n<p>[\/vc_column_text][vc_empty_space height=&#8220;50&#8243;][\/vc_column][\/vc_row][vc_row full_width=&#8220;stretch_row&#8220; content_placement=&#8220;middle&#8220;][vc_column width=&#8220;1\/3&#8243;][vc_custom_heading text=&#8220;Sales manager (Unterkunft)&#8220; font_container=&#8220;tag:h4|text_align:center|color:%23c49f68&#8243; use_theme_fonts=&#8220;yes&#8220; css_animation=&#8220;top-to-bottom&#8220;][vc_column_text]<\/p>\n<p style=\"text-align: center;\"><span style=\"font-weight: 400;\">Adriana Valuchov\u00e1<\/span><\/p>\n<p style=\"text-align: center;\"><span style=\"font-weight: 400;\">Email: <a style=\"color: #999;\" href=\"mailto:adriana.valuchova@hotelbudweis.cz\">adriana.valuchova@hotelbudweis.cz<\/a><\/span><\/p>\n<p style=\"text-align: center;\"><span style=\"font-weight: 400;\">Tel.: <a style=\"color: #999;\" href=\"tel:+420725150114\">+420 725 150 114<\/a> <span style=\"font-size: 10pt;\"><em>(MO-FR 9-17)<\/em><\/span><\/span><\/p>\n<p>[\/vc_column_text][\/vc_column][vc_column width=&#8220;1\/3&#8243;][vc_custom_heading text=&#8220;Restaurant&#8220; font_container=&#8220;tag:h4|text_align:center|color:%23c49f68&#8243; use_theme_fonts=&#8220;yes&#8220; css_animation=&#8220;top-to-bottom&#8220;][vc_column_text]<\/p>\n<p>&nbsp;<\/p>\n<p style=\"text-align: center;\"><span style=\"font-weight: 400;\">Email: <a style=\"color: #999;\" href=\"mailto:fb@hotelbudweis.cz\">fb@hotelbudweis.cz<\/a><\/span><\/p>\n<p style=\"text-align: center;\"><span style=\"font-weight: 400;\">Tel.: <a style=\"color: #999;\" href=\"tel:+420725150115\">+420 725 150 115<\/a><\/span><\/p>\n<p>[\/vc_column_text][\/vc_column][vc_column width=&#8220;1\/3&#8243;][vc_custom_heading text=&#8220;F&amp;B manager (Restaurant)&#8220; font_container=&#8220;tag:h4|text_align:center|color:%23c49f68&#8243; use_theme_fonts=&#8220;yes&#8220; css_animation=&#8220;top-to-bottom&#8220;][vc_column_text]<\/p>\n<p style=\"text-align: center;\">Bc. Alena Jan\u010fourkov\u00e1<\/p>\n<p style=\"text-align: center;\"><span style=\"font-weight: 400;\">Email: <a style=\"color: #999;\" href=\"mailto:fb@hotelbudweis.cz\">fb@hotelbudweis.cz<\/a><\/span><\/p>\n<p style=\"text-align: center;\"><span style=\"font-weight: 400;\">Tel.: <a style=\"color: #999;\" href=\"tel:+420602695695\">+420 602 695 695<\/a><\/span><\/p>\n<p>[\/vc_column_text][\/vc_column][\/vc_row][vc_row][vc_column][vc_empty_space height=&#8220;80&#8243;][\/vc_column][\/vc_row][vc_row full_width=&#8220;stretch_row_content&#8220;][vc_column][vc_gmaps link=&#8220;#E-8_JTNDaWZyYW1lJTIwc3JjJTNEJTIyaHR0cHMlM0ElMkYlMkZ3d3cuZ29vZ2xlLmNvbSUyRm1hcHMlMkZlbWJlZCUzRnBiJTNEJTIxMW0xOCUyMTFtMTIlMjExbTMlMjExZDI2MTguNzc1NDM3NzQwNjA2MyUyMTJkMTQuNDY5MDg5NTE2MzgzNjUlMjEzZDQ4Ljk3Njc5ODk3OTI5OTM3JTIxMm0zJTIxMWYwJTIxMmYwJTIxM2YwJTIxM20yJTIxMWkxMDI0JTIxMmk3NjglMjE0ZjEzLjElMjEzbTMlMjExbTIlMjExczB4NDc3MzRmZDFlNzlhZjNlZiUyNTNBMHgyNDlkYmVjZGRhYmFhNGNjJTIxMnNIb3RlbCUyNTIwQnVkd2VpcyUyMTVlMCUyMTNtMiUyMTFzY3MlMjEyc2N6JTIxNHYxNjUyNDI0MTEyMDEyJTIxNW0yJTIxMXNjcyUyMTJzY3olMjIlMjB3aWR0aCUzRCUyMjYwMCUyMiUyMGhlaWdodCUzRCUyMjQ1MCUyMiUyMHN0eWxlJTNEJTIyYm9yZGVyJTNBMCUzQiUyMiUyMGFsbG93ZnVsbHNjcmVlbiUzRCUyMiUyMiUyMGxvYWRpbmclM0QlMjJsYXp5JTIyJTIwcmVmZXJyZXJwb2xpY3klM0QlMjJuby1yZWZlcnJlci13aGVuLWRvd25ncmFkZSUyMiUzRSUzQyUyRmlmcmFtZSUzRQ==&#8220;][\/vc_column][\/vc_row]<\/p>\n","protected":false},"excerpt":{"rendered":"<p>[vc_row][vc_column][\/vc_column][\/vc_row][vc_row content_placement=&#8220;middle&#8220;][vc_column width=&#8220;1\/3&#8243;][vc_custom_heading text=&#8220;Cafe&#8220; font_container=&#8220;tag:h4|text_align:center|color:%23c49f68&#8243; use_theme_fonts=&#8220;yes&#8220; css_animation=&#8220;top-to-bottom&#8220;][vc_column_text] Montag &#8211; Samstag 7:00 &#8211; 22:00 Sonntag 7:00 &#8211; 15:00 [\/vc_column_text][\/vc_column][vc_column width=&#8220;1\/3&#8243;][vc_custom_heading text=&#8220;Restaurant&#8220; font_container=&#8220;tag:h4|text_align:center|color:%23c49f68&#8243; use_theme_fonts=&#8220;yes&#8220; css_animation=&#8220;top-to-bottom&#8220;][vc_column_text] Montag &#8211; Samstag 11:00 &#8211; 22:00 (Wir kochen bis 21:00) Sonntag 11:00 &#8211; 15:00 (Wir kochen bis [&hellip;]<\/p>\n","protected":false},"author":1,"featured_media":0,"parent":0,"menu_order":0,"comment_status":"closed","ping_status":"closed","template":"","meta":[],"_links":{"self":[{"href":"https:\/\/www.hotelbudweis.cz\/de\/wp-json\/wp\/v2\/pages\/458"}],"collection":[{"href":"https:\/\/www.hotelbudweis.cz\/de\/wp-json\/wp\/v2\/pages"}],"about":[{"href":"https:\/\/www.hotelbudweis.cz\/de\/wp-json\/wp\/v2\/types\/page"}],"author":[{"embeddable":true,"href":"https:\/\/www.hotelbudweis.cz\/de\/wp-json\/wp\/v2\/users\/1"}],"replies":[{"embeddable":true,"href":"https:\/\/www.hotelbudweis.cz\/de\/wp-json\/wp\/v2\/comments?post=458"}],"version-history":[{"count":15,"href":"https:\/\/www.hotelbudweis.cz\/de\/wp-json\/wp\/v2\/pages\/458\/revisions"}],"predecessor-version":[{"id":1197,"href":"https:\/\/www.hotelbudweis.cz\/de\/wp-json\/wp\/v2\/pages\/458\/revisions\/1197"}],"wp:attachment":[{"href":"https:\/\/www.hotelbudweis.cz\/de\/wp-json\/wp\/v2\/media?parent=458"}],"curies":[{"name":"wp","href":"https:\/\/api.w.org\/{rel}","templated":true}]}}